{"id":22,"date":"2015-09-04T12:51:32","date_gmt":"2015-09-04T10:51:32","guid":{"rendered":"http:\/\/127.0.0.1\/wp\/?page_id=22"},"modified":"2023-04-24T14:37:22","modified_gmt":"2023-04-24T12:37:22","slug":"arrangements","status":"publish","type":"page","link":"https:\/\/riesberghof.de\/en\/arrangements\/","title":{"rendered":"Arrangements"},"content":{"rendered":"<div class=\"onepcssgrid-1000\">\n<div class=\"onerow\">\n<h2 class=\"entry-title\" style=\"text-align: center;\">Arrangements<\/h2>\n<ul style=\"text-align: center;\">\n<li><\/li>\n<\/ul>\n<h3 style=\"text-align: center;\"><strong><span style=\"color: #ff6600;\">7 Tage verweilen nur 6 bezahlen <\/span><\/strong><\/h3>\n<p style=\"text-align: center;\">Aufenthalt buchbar vom 03.06.-13.11.2022<\/p>\n<\/div>\n<div class=\"onerow\" style=\"text-align: center;\">\n<p><strong><u>Im Angebotspreis Preis enthalten<\/u><\/strong><\/p>\n<ul>\n<li><strong>reichhaltiges Fr\u00fchst\u00fccksbuffet<br \/>\n<\/strong><\/li>\n<li><strong>Abendessen \u2013 4 G\u00e4nge Men\u00fc&nbsp;<\/strong><\/li>\n<li><strong>Begr\u00fc\u00dfungs-Schnapser\u2018l nach dem Essen<\/strong><\/li>\n<li><strong>Sauna und Infrarotkabine<\/strong><\/li>\n<li><strong>Standard-DZ f\u00fcr 2 Personen mit Halbpension f\u00fcr 7 Tage: 784,00 \u20ac<\/strong><\/li>\n<li><strong>Komfort-DZ&nbsp; f\u00fcr 2 Personen mit Halbpension f\u00fcr 7 Tage: 924,00 \u20ac<\/strong><\/li>\n<li><strong>*******************************************************************************************<\/strong><\/li>\n<\/ul>\n<\/div>\n<div class=\"onerow\" style=\"text-align: center;\">\n<h3><strong><span style=\"color: #ff6600;\">5 Tage verweilen nur 4 bezahlen<\/span><\/strong><\/h3>\n<p>Aufenthalt buchbar vom 03.06.-13.11.2022<\/p>\n<div class=\"onerow\">\n<p><strong><u>Im Angebotspreis Preis enthalten<\/u><\/strong><\/p>\n<ul>\n<li><strong>reichhaltiges Fr\u00fchst\u00fccksbuffet<br \/>\n<\/strong><\/li>\n<li><strong>Abendessen \u2013 4 G\u00e4nge Men\u00fc<\/strong><\/li>\n<li><strong>Begr\u00fc\u00dfungs-Schnapser\u2018l nach dem Essen<\/strong><\/li>\n<li><strong>Sauna und Infrarotkabine<\/strong><\/li>\n<li><strong>Standard-DZ&nbsp; f\u00fcr 2 Personen mit Halbpension f\u00fcr 5 Tage: 590,00 \u20ac<\/strong><\/li>\n<li><strong>Komfort-DZ&nbsp; f\u00fcr 2 Personen mit Halbpension f\u00fcr 5 Tage:&nbsp; 690,00 \u20ac<\/strong><\/li>\n<li><strong>*******************************************************************************************<\/strong><\/li>\n<\/ul>\n<\/div>\n<div class=\"onerow\">\n<h3><strong><span style=\"color: #800080;\">&nbsp;Schnuppertage 4 Tage mit 3 \u00dcbernachtungen<\/span><span style=\"color: #800080;\"><br \/>\n<\/span><\/strong><\/h3>\n<p>Aufenthalt buchbar vom 03.06.-13.11.2022<\/p>\n<div class=\"space3\">\n<p><strong><u>Im Angebotspreis Preis enthalten<\/u><\/strong><\/p>\n<ul>\n<li><strong>reichhaltiges Fr\u00fchst\u00fccksbuffet<\/strong><\/li>\n<li><strong>Abendessen \u2013 4 G\u00e4nge Men\u00fc<\/strong><\/li>\n<li><strong>Begr\u00fc\u00dfungs-Schnapser\u2018l nach dem Essen<\/strong><\/li>\n<li><strong>Sauna und Infrarotkabine<\/strong><\/li>\n<li><strong>Standard-DZ&nbsp; f\u00fcr 2 Personen mit Halbpension f\u00fcr 1 Tage: 378,00 \u20ac<\/strong><\/li>\n<li><strong>Komfort-DZ&nbsp; f\u00fcr 2 Personen mit Halbpension f\u00fcr 1 Tage: 396,00 \u20ac<\/strong><\/li>\n<li><strong>*******************************************************************************************<\/strong><\/li>\n<\/ul>\n<\/div>\n<\/div>\n<\/div>\n<\/div>\n<div class=\"onepcssgrid-1000\">\n<div class=\"onerow\">\n<div class=\"onerow\" style=\"text-align: center;\">\n<h3 class=\"onerow\"><span style=\"color: #993300;\"><strong>Silvester Arrangement <\/strong><\/span><\/h3>\n<h3 class=\"onerow\"><span style=\"color: #993300;\"><strong>Anreise 27.12.2022 Abreise 03.01.2023<\/strong><\/span><\/h3>\n<div>\n<ul>\n<li><strong>Arrangement derzeit in Arbeit<\/strong><\/li>\n<li><strong>Standard-DZ&nbsp; f\u00fcr 2 Personen mit Halbpension f\u00fcr 6 Tage: 900,00 \u20ac<br \/>\n<\/strong><\/li>\n<li><strong>Komfort-DZ&nbsp; &nbsp;f\u00fcr 2 Personen mit Halbpension f\u00fcr 6 Tage: 990,00 \u20ac<br \/>\n<\/strong><\/li>\n<li><\/li>\n<\/ul>\n<\/div>\n<div class=\"preisbox right\">\n<ul>\n<li style=\"text-align: left;\"><strong>&nbsp; &nbsp; &nbsp; &nbsp; &nbsp; &nbsp; &nbsp; &nbsp; &nbsp; &nbsp; &nbsp; &nbsp; &nbsp; &nbsp; &nbsp; &nbsp; &nbsp; &nbsp; &nbsp; &nbsp; &nbsp; &nbsp; &nbsp; &nbsp; &nbsp; &nbsp; &nbsp; Anreisen 14:00 Uhr bis 16:00 Uhr&nbsp;<\/strong><\/li>\n<\/ul>\n<\/div>\n<\/div>\n<div class=\"leer\" style=\"text-align: center;\"><\/div>\n<\/div>\n<\/div>","protected":false},"excerpt":{"rendered":"<p>Arrangements 7 Tage verweilen nur 6 bezahlen Aufenthalt buchbar vom 03.06.-13.11.2022 Im Angebotspreis Preis enthalten reichhaltiges Fr\u00fchst\u00fccksbuffet Abendessen \u2013 4 G\u00e4nge Men\u00fc&nbsp; Begr\u00fc\u00dfungs-Schnapser\u2018l nach dem Essen Sauna und Infrarotkabine Standard-DZ f\u00fcr 2 Personen mit Halbpension f\u00fcr 7 Tage: 784,00 \u20ac &hellip; <a href=\"https:\/\/riesberghof.de\/en\/arrangements\/\">Continue reading <span class=\"meta-nav\">&rarr;<\/span><\/a><\/p>","protected":false},"author":1,"featured_media":0,"parent":0,"menu_order":0,"comment_status":"closed","ping_status":"closed","template":"","meta":[],"aioseo_notices":[],"_links":{"self":[{"href":"https:\/\/riesberghof.de\/en\/wp-json\/wp\/v2\/pages\/22"}],"collection":[{"href":"https:\/\/riesberghof.de\/en\/wp-json\/wp\/v2\/pages"}],"about":[{"href":"https:\/\/riesberghof.de\/en\/wp-json\/wp\/v2\/types\/page"}],"author":[{"embeddable":true,"href":"https:\/\/riesberghof.de\/en\/wp-json\/wp\/v2\/users\/1"}],"replies":[{"embeddable":true,"href":"https:\/\/riesberghof.de\/en\/wp-json\/wp\/v2\/comments?post=22"}],"version-history":[{"count":125,"href":"https:\/\/riesberghof.de\/en\/wp-json\/wp\/v2\/pages\/22\/revisions"}],"predecessor-version":[{"id":1276,"href":"https:\/\/riesberghof.de\/en\/wp-json\/wp\/v2\/pages\/22\/revisions\/1276"}],"wp:attachment":[{"href":"https:\/\/riesberghof.de\/en\/wp-json\/wp\/v2\/media?parent=22"}],"curies":[{"name":"wp","href":"https:\/\/api.w.org\/{rel}","templated":true}]}}