{"id":20,"date":"2015-09-04T12:51:11","date_gmt":"2015-09-04T10:51:11","guid":{"rendered":"http:\/\/127.0.0.1\/wp\/?page_id=20"},"modified":"2023-04-24T14:36:58","modified_gmt":"2023-04-24T12:36:58","slug":"aktivitaeten","status":"publish","type":"page","link":"https:\/\/riesberghof.de\/en\/aktivitaeten\/","title":{"rendered":"Acivities"},"content":{"rendered":"<div class=\"onepcssgrid-1000\">\n<div class=\"onerow\">\n<h2 class=\"entry-title\">Acivities<\/h2>\n<p class=\"sub\">We offer you pleasurable and sporty activities suitable for every season.<\/p>\n<\/div>\n<div class=\"onerow\">\n<div class=\"col6\">\n<ul class=\"list-stern\">\n<li>Whirlpool<\/li>\n<li>Solariums<\/li>\n<li>Finnische Sauna mit Physiotherm-Infrarot-Kabine<\/li>\n<li>Lawn<\/li>\n<li>Table tennis<\/li>\n<li>18-hole golf course (approx. 3 km)<\/li>\n<li>Tennis courts in Lindbergm\u00fchle<\/li>\n<li>Adventure Pool in Zwiesel (approx. 3 km)<\/li>\n<\/ul>\n<div class=\"space\"><\/div>\n<\/div>\n<div class=\"col6 last\">\n<ul class=\"list-stern\">\n<li>Comfortable horse-drawn carriage rides in summer<\/li>\n<li>Horse-drawn sleigh rides in winter<\/li>\n<li>Endless hiking trails start right at the house<\/li>\n<li>signposted trails in the immediate vicinity<\/li>\n<li>Brewery tour in the first steam brewery Zwiesel<\/li>\n<li>House in the Wilderness<\/li>\n<\/ul>\n<\/div>\n<\/div>\n<\/div>","protected":false},"excerpt":{"rendered":"<p>Aktivit\u00e4ten Wir bieten Ihnen genussvolle und sportliche Aktivit\u00e4ten passend zu jeder Jahreszeit. Whirlpool Solarien Finnische Sauna mit Physiotherm-Infrarot-Kabine Liegewiese Tischtennisplatte 18-Loch- Golfanlage (ca. 3 km) Tennispl\u00e4tze in Lindbergm\u00fchle Erlebnisbad in Zwiesel (ca. 3 km) Gem\u00fctliche Pferdekutschfahrten im Sommer Pferdeschlittenfahrten im &hellip; <a href=\"https:\/\/riesberghof.de\/en\/aktivitaeten\/\">Continue reading <span class=\"meta-nav\">&rarr;<\/span><\/a><\/p>","protected":false},"author":1,"featured_media":0,"parent":0,"menu_order":0,"comment_status":"closed","ping_status":"closed","template":"","meta":[],"aioseo_notices":[],"_links":{"self":[{"href":"https:\/\/riesberghof.de\/en\/wp-json\/wp\/v2\/pages\/20"}],"collection":[{"href":"https:\/\/riesberghof.de\/en\/wp-json\/wp\/v2\/pages"}],"about":[{"href":"https:\/\/riesberghof.de\/en\/wp-json\/wp\/v2\/types\/page"}],"author":[{"embeddable":true,"href":"https:\/\/riesberghof.de\/en\/wp-json\/wp\/v2\/users\/1"}],"replies":[{"embeddable":true,"href":"https:\/\/riesberghof.de\/en\/wp-json\/wp\/v2\/comments?post=20"}],"version-history":[{"count":22,"href":"https:\/\/riesberghof.de\/en\/wp-json\/wp\/v2\/pages\/20\/revisions"}],"predecessor-version":[{"id":640,"href":"https:\/\/riesberghof.de\/en\/wp-json\/wp\/v2\/pages\/20\/revisions\/640"}],"wp:attachment":[{"href":"https:\/\/riesberghof.de\/en\/wp-json\/wp\/v2\/media?parent=20"}],"curies":[{"name":"wp","href":"https:\/\/api.w.org\/{rel}","templated":true}]}}