{"id":147,"date":"2015-09-21T16:05:06","date_gmt":"2015-09-21T14:05:06","guid":{"rendered":"http:\/\/www.michalhejzner.de\/riesberghof\/wp\/?page_id=147"},"modified":"2023-04-24T14:35:41","modified_gmt":"2023-04-24T12:35:41","slug":"agb","status":"publish","type":"page","link":"https:\/\/riesberghof.de\/en\/agb\/","title":{"rendered":"Conditions"},"content":{"rendered":"<div class=\"onepcssgrid-1000\">\n<div class=\"one row\">\n<h2 class=\"entry-title\">Conditions<\/h2>\n<div class=\"space\"><\/div>\n<div class=\"col6\">\n<p><strong>I. General terms and conditions<\/strong><br \/>\n<strong>1. Applicability of the terms<\/strong><br \/>\nThese general terms and conditions apply to all contracts concluded with the aforementioned hotel. They may be replaced by conditions negotiated in individual cases. Conflicting terms and conditions of Vertragspartnernwerden do not take effect, even if you enter the Kotel after the contractual partner has received these GT<\/p>\n<p><strong>2. Conclusion of the guest reception agreement<\/strong><br \/>\nThe valid price list with the respective tariffs and service descriptions is decisive. Furthermore, services and tariffs are subject to alteration. The guest reception contract (accommodation contract) can be made in writing, orally, by telephone, by fax, by e-mail or by conclusive conduct. The conclusion of the host agreement obliges both contract partners to fulfil the contract, irrespective of the duration of the contract. In the case of Hotel nights, the guest reception contract is concluded as soon as the room has been ordered and promised or, if due to time constraints, a commitment was not possible.<\/p>\n<p><strong>3. Reservations<\/strong><br \/>\nIf rooms or other services (e.g. food) are reserved on an option basis, the option data for both contract partners is binding. At the end of the agreed option period, the aforementioned hotel may freely dispose of the rooms and services booked in option. Reserved rooms and confirmed by the hotel are provided on the day of arrival from 14.00 pm and on the day of departure until 10.30 p.m. The hotel is entitled to award reserved rooms on the day of arrival after 18.00 p.m. unless a later arrival time has been expressly agreed upon.<\/p>\n<p><strong>4. Price Changes<\/strong><br \/>\nAgreed prices can be changed after conclusion of the contract by the hotel according to the then valid price lists, if the Zeitraurn between the conclusion of the contract and the provision of the individual service is more than 4 months.<\/p>\n<p><strong>5. Terms of payment<\/strong><br \/>\nDie Rechnungen sind, soweit nicht ausdr\u00fccklich andere Zahlungsbedingungen vereinbart sind, mit Zugang der Rechnung sofort ohne jeden Abzug und in bar zur Zahlung f\u00e4llig. Die Akzeptierung und die Auswahl von Kreditkarten ist dem Hotel in jedem einzelnen Fall der Vorlage einer Kreditkarte freigestellt und zwar auch dann, wenn die grunds\u00e4tzliche Akzeptanz von Kreditkarten durch Aush\u00e4nge im Hotel angezeigt wird. Die Entgegennahme von Schecks, Reiseschecks, Kreditkarten und sonstigen Zahlungsmittein erfolgt im \u00dcbrigen nur erf\u00fcllungshalber.<\/p>\n<p>Zahlungsverzug mit auch nur einer Rechnung berechtigt das Hotel alle weiteren und zuk\u00fcnftigen Leistungen f\u00fcr den Gast einzustellen. Voraussetzung ist, da\u00df das Hotel die Inverzugsetzung durch eine Mahnung unter Fristsetzung und Hinweis auf diese Folgen bewirkt. \u00dcbersteigt der Rechnungsbetrag 200 \u20ac oder h\u00e4lt sich der Gast l\u00e4nger als 6 Tage im Hotel auf, so ist das Hotel berechtigt, jeweils einzelne Zwischenrechnungen zu stellen und deren Bezahlung vom Gast zu verlangen.<\/p>\n<p><strong>6. Advance Payments<\/strong><br \/>\nThe hotel is entitled by a guest who has not pre-reserved to demand advance payments in the amount of an overnight stay at the conclusion of the host contract. The hotel may, without justification, make any Bestellannahrne, reservation or other service, which is to be carried out or to be continued, dependent on the total or partial payment of the amounts likely to be owed in advance, in the form of Advance payments or total prepayments.<\/p>\n<p><strong>7. Cancellations, cancellation conditions<\/strong><br \/>\nIf a guest cancels the order\/reservation of an apartment, meal or other service offered by the hotel, the hotel will charge a cancellation fee of 80% of the price if the cancellation is not at least 48 hours before the due date of the respective performance. The cancellation fee increases to 100% if the guest cancels on the due date. It is reduced by the amounts that the hotel collects by renting the apartment in other ways or by administering the meal or providing other services to a third party. In the case of partial cancellation, the cancellation fee is calculated proportionately.<\/p>\n<p><strong>8. Liability<\/strong><br \/>\n\u00a7 \u00a7 701-703 of the German Civil Code applies to the liability of the hotel. Liability for other reasons is excluded, unless a damage was caused intentionally or negligently by the hotel, its legal representatives or vicarious agents, or in the case of bodily damage.<\/p>\n<\/div>\n<div class=\"col6 last\">\n<p><strong>9. Other provisions<\/strong><br \/>\na) In den \u00f6ffentlichen Bereichen des Hotels ist das Verzehren von mitgebrachten Speisen und Getr\u00e4nken untersagt. Bei Verst\u00f6\u00dfen ist das Hotel berechtigt, von dem Gast eine Pauschale in H\u00f6he von 75 % des Preises f\u00fcr eine von ihm angebotene vergleichbare Speise bzw. ein von ihm angebotenes vergleichbares Getr\u00e4nk zu verlangen. Ebenfalls untersagt ist die Bestellung von Speisen bei einem anderen Restaurant, Pizza-Service und \u00e4hnlichem Anbieter zur Lieferung in das Hotel und Verzehr im Appartment. Bei Verst\u00f6\u00dfen ist das Hotel berechtigt, eine Pauschale von 5,00 \u20ac pro Speise zu erheben.<br \/>\nb) Die \u00dcberschriften dienen nur der besseren \u00dcbersicht und haben keine materielle Bedeutung, insbes. nicht die einer abschlie\u00dfenden Regelung.<br \/>\nc) F\u00fcr diese Bedingungen und die gesamten Rechtsbeziehungen zwischen dem Hotel und dem Gast gilt das Recht der Bundesrepublik Deutschland.<br \/>\nd) Gerichtsstand ist das f\u00fcr Lindberg zust\u00e4ndige Amts- bzw. Landgericht<\/p>\n<p><strong>10. Withdrawal of reservations<\/strong><br \/>\nThe hotel has reason to believe that the the fact that the guest is in danger of jeopardizing the smooth operation, the security or the reputation of the house, as well as in case of force majeure (e.g. fire, strike, etc.), the hotel can cancel any reservation without compensation To be committed. Except in cases of force majeure, the hotel may also charge a cancellation fee of 80% of the price of the services ordered\/reserved by the guest and not yet taken advantage of<\/p>\n<p><strong>II. Special terms and conditions for GRUPPEN1. For groups the above general terms and conditions apply with the following deviations and additions.<\/strong><\/p>\n<p><strong>2. Reservations<\/strong><br \/>\nEvery reservation is only effective and guaranteed on the basis of written confirmation from the hotel. The effectiveness of each reservation for groups depends on the payment of a deposit equal to 50% of the services to be reserved, the deposit must be received 20 days before the arrival of the group at the hotel, so that the reservation effective.<\/p>\n<p><strong>3. Additional Services<\/strong><br \/>\nThe costs incurred in addition to the agreed contractual services such as telephone, bar etc. are to be paid by each group participant before departure. If this does not happen, the group organizer is jointly and severally liable.<\/p>\n<p><strong>4. Liability<\/strong><br \/>\nThe group organizer is liable for damage or loss of facilities or inventory caused by the group participants during the stay, without proof of fault. Fire and commercial police regulations must be observed. The hotel is only liable for damage or loss of other items brought in or in the parking lot of the hotel in case of intent or gross negligence. In addition, \u00a7 \u00a7 701-703 BGB shall apply accordingly.<\/p>\n<p><strong>5. Number of participants<\/strong><br \/>\nThe number of participants indicated by the group organizer at the reservation is binding for both parties. If the organiser can only indicate the number of participants, deviations up to 10% are possible downwards compared to the indicated number, but in this case the exact number of participants must be notified no later than 30 days before arrival. A concrete list of names of the participants is to be transmitted to the hotel no later than 14 days before arrival.<\/p>\n<p><strong>6. Gem<\/strong><br \/>\nAll music events must be reported and if necessary by the organizer in advance. Also be cancelled again. The fees of gema shall be borne by the organizer. The hotel is exempt from the organizer regarding any claims of GEMA, which arose from unauthorized use of the rights of GEMA or third parties (e.g. for non-registration by the organiser).<\/p>\n<p><strong>7. Cancellations, cancellation fees<\/strong><br \/>\nBei Stornierungen berechnet das Hotel folgende Stornogeb\u00fchren:<br \/>\n&#8211; Bei Stornierungen zwischen dem 60. und 21. Tag (jeweils einschlie\u00dflich) vor Erbringung der bestellten\/reservierten Leistung: 40 % des Preises<br \/>\n&#8211; Bei Stornierung zwischen dem 21. und dem 8. Tag (jeweils einschlie\u00dfllich) vor Erbringung der bestellten\/reservierten Leistungen: 60% des Preises<br \/>\n&#8211; Bei Stornierung zwischen dem 7. und dem 3. Tag (jeweils einschlie\u00dfllich) vor Erbringung der bestellten\/reservierten Leistungen: 80% des Preises<br \/>\n&#8211; Bei Stornierung innerhalb von 48 Stunden vor Erbringung der bestellten\/ reservierten Leistungen: 100% des Preises<br \/>\nWegen der Teil-Stornierung und der m\u00f6glichen Minderung der Stornogeb\u00fchr wird auf Teil I Nr. 7 S\u00e4tze 3 und 4 verwiesen.<\/p>\n<div class=\"space\"><\/div>\n<div class=\"space\"><\/div>\n<\/div>\n<\/div>\n<\/div>","protected":false},"excerpt":{"rendered":"<p>AGB I. Allgemeine Gesch\u00e4ftsbedingungen (AGB) 1. Geltung der Bedingungen Die vorliegenden Allgemeinen Gesch\u00e4ftsbedingungen (AGB) gelten f\u00fcr alle Vertr\u00e4ge, die mit dem oben genannten Hotel abgeschlossen werden. Sie k\u00f6nnen durch im Einzelfall ausgehandelte Bedingungen ersetzt werden. Entgegenstehende Gesch\u00e4ftsbedingungen von Vertragspartnernwerden nicht &hellip; <a href=\"https:\/\/riesberghof.de\/en\/agb\/\">Continue reading <span class=\"meta-nav\">&rarr;<\/span><\/a><\/p>","protected":false},"author":1,"featured_media":463,"parent":0,"menu_order":0,"comment_status":"closed","ping_status":"closed","template":"","meta":[],"aioseo_notices":[],"_links":{"self":[{"href":"https:\/\/riesberghof.de\/en\/wp-json\/wp\/v2\/pages\/147"}],"collection":[{"href":"https:\/\/riesberghof.de\/en\/wp-json\/wp\/v2\/pages"}],"about":[{"href":"https:\/\/riesberghof.de\/en\/wp-json\/wp\/v2\/types\/page"}],"author":[{"embeddable":true,"href":"https:\/\/riesberghof.de\/en\/wp-json\/wp\/v2\/users\/1"}],"replies":[{"embeddable":true,"href":"https:\/\/riesberghof.de\/en\/wp-json\/wp\/v2\/comments?post=147"}],"version-history":[{"count":13,"href":"https:\/\/riesberghof.de\/en\/wp-json\/wp\/v2\/pages\/147\/revisions"}],"predecessor-version":[{"id":610,"href":"https:\/\/riesberghof.de\/en\/wp-json\/wp\/v2\/pages\/147\/revisions\/610"}],"wp:featuredmedia":[{"embeddable":true,"href":"https:\/\/riesberghof.de\/en\/wp-json\/wp\/v2\/media\/463"}],"wp:attachment":[{"href":"https:\/\/riesberghof.de\/en\/wp-json\/wp\/v2\/media?parent=147"}],"curies":[{"name":"wp","href":"https:\/\/api.w.org\/{rel}","templated":true}]}}