{"id":14,"date":"2015-09-04T12:50:15","date_gmt":"2015-09-04T10:50:15","guid":{"rendered":"http:\/\/127.0.0.1\/wp\/?page_id=14"},"modified":"2023-04-24T14:38:47","modified_gmt":"2023-04-24T12:38:47","slug":"zimmer","status":"publish","type":"page","link":"https:\/\/riesberghof.de\/en\/zimmer\/","title":{"rendered":"Room"},"content":{"rendered":"<div class=\"onepcssgrid-1000\">\n<div class=\"onerow\">\n<div class=\"col6\">\n<div id=\"attachment_44\" style=\"width: 530px\" class=\"wp-caption alignnone\"><img aria-describedby=\"caption-attachment-44\" decoding=\"async\" loading=\"lazy\" class=\"wp-image-44 size-full\" src=\"\/wp-content\/uploads\/2015\/09\/Ausblick_Balkon.jpg\" alt=\"ausblick\" width=\"520\" height=\"347\"><p id=\"caption-attachment-44\" class=\"wp-caption-text\">Terrasse mit Liegeweise<\/p><\/div><p><\/p>\n<div id=\"attachment_44\" style=\"width: 530px\" class=\"wp-caption alignnone\"><img aria-describedby=\"caption-attachment-44\" decoding=\"async\" loading=\"lazy\" class=\"wp-image-44 size-full\" src=\"\/wp-content\/uploads\/2015\/09\/zimmer.jpg\" alt=\"zimmer\" width=\"520\" height=\"347\"><p id=\"caption-attachment-44\" class=\"wp-caption-text\">Doppelzimmer Schlafcouch<\/p><\/div><\/div>\n<div class=\"col6 last\">\n<h2 class=\"entry-title\">Zimmer zum<br>Wohlf\u00fchlen<\/h2>\n<div class=\"sterne\">&nbsp;<\/div>\n<p>Arrive, feel good, relax.<\/p>\n<p>Ob Sie sich f\u00fcr eine Suite oder ein komfortables<br>G\u00e4stezimmer entscheiden. Alle Zimmer sind mit<br>Dusche\/WC, Sat-TV, Telefon, Radio und einer Teek\u00fcche ausgestattet. Die meisten G\u00e4stezimmer haben einen Balkon oder eine Terrasse.<\/p>\n<p>The clean and comfortably furnished rooms<br>sind ein entspannter Ort an den man sich nach einem aktionsreichen Tag in der Natur, gerne zur\u00fcckzieht um neue Kraft zu tanken. Aus dem Fenster hat man eine traumhafte Sicht \u00fcber den Nationalpark.<\/p>\n<p><\/p>\n<p><em>Umweltschutz durch nachhaltige Zimmerreinigung:<\/em><\/p>\n<p><em>Damit die Welt wieder ein bisschen ges\u00fcnder wird, nicht zuletzt auch dank Ihrer Unterst\u00fctzung, reinigen wir Ihr Zimmer jeden dritten Tag f\u00fcr Sie. <\/em><\/p>\n<p><em>Wir sind uns sicher, da sind auch Sie sofort dabei! Denn Sie sehen am besten, wann Ihr Zimmer wirklich sauber gemacht werden muss. Wenn sie vorher W\u00fcnsche haben, geben Sie uns einfach Bescheid. <\/em><\/p>\n<p><em>Zimmer, die f\u00fcr Haustiere geeignet sind, reinigen wir weiterhin t\u00e4glich. Herzlichen Dank f\u00fcr Ihre Unterst\u00fctzung und wir freuen uns, dass Sie mit einer kleinen Ver\u00e4nderung dazu beitragen, dass wir gemeinsam Gro\u00dfes bewirken k\u00f6nnen.<\/em><\/p>\n<\/div>\n<div class=\"onerow\">\n<div class=\"col6\">\n<div id=\"attachment_45\" style=\"width: 530px\" class=\"wp-caption aligncenter\"><img aria-describedby=\"caption-attachment-45\" decoding=\"async\" loading=\"lazy\" class=\"wp-image-45 size-full\" src=\"\/wp-content\/uploads\/2015\/09\/Balkon1.jpg\" alt=\"foto-haus\" width=\"520\" height=\"370\"><p id=\"caption-attachment-45\" class=\"wp-caption-text\">Ausblick vom Balkon<\/p><\/div>\n<\/div>\n<div class=\"col6 last\">&nbsp;<\/div>\n<div>\n\n\t\t<style type=\"text\/css\">\n\t\t\t#gallery-1 {\n\t\t\t\tmargin: auto;\n\t\t\t}\n\t\t\t#gallery-1 .gallery-item {\n\t\t\t\tfloat: left;\n\t\t\t\tmargin-top: 10px;\n\t\t\t\ttext-align: center;\n\t\t\t\twidth: 50%;\n\t\t\t}\n\t\t\t#gallery-1 img {\n\t\t\t\tborder: 2px solid #cfcfcf;\n\t\t\t}\n\t\t\t#gallery-1 .gallery-caption {\n\t\t\t\tmargin-left: 0;\n\t\t\t}\n\t\t\t\/* see gallery_shortcode() in wp-includes\/media.php *\/\n\t\t<\/style>\n\t\t<div id='gallery-1' class='gallery galleryid-14 gallery-columns-2 gallery-size-medium'><dl class='gallery-item'>\n\t\t\t<dt class='gallery-icon landscape'>\n\t\t\t\t<a href='https:\/\/riesberghof.de\/en\/img_2297whirlpool\/'><img width=\"493\" height=\"370\" src=\"https:\/\/riesberghof.de\/wp-content\/uploads\/2019\/10\/IMG_2297Whirlpool-493x370.jpg\" class=\"attachment-medium size-medium\" alt=\"\" decoding=\"async\" loading=\"lazy\" aria-describedby=\"gallery-1-661\" srcset=\"https:\/\/riesberghof.de\/wp-content\/uploads\/2019\/10\/IMG_2297Whirlpool-493x370.jpg 493w, https:\/\/riesberghof.de\/wp-content\/uploads\/2019\/10\/IMG_2297Whirlpool-400x300.jpg 400w, https:\/\/riesberghof.de\/wp-content\/uploads\/2019\/10\/IMG_2297Whirlpool-768x576.jpg 768w, https:\/\/riesberghof.de\/wp-content\/uploads\/2019\/10\/IMG_2297Whirlpool-1024x768.jpg 1024w\" sizes=\"(max-width: 493px) 100vw, 493px\" \/><\/a>\n\t\t\t<\/dt>\n\t\t\t\t<dd class='wp-caption-text gallery-caption' id='gallery-1-661'>\n\t\t\t\tWhirlpool\n\t\t\t\t<\/dd><\/dl><dl class='gallery-item'>\n\t\t\t<dt class='gallery-icon landscape'>\n\t\t\t\t<a href='https:\/\/riesberghof.de\/en\/img_2316\/'><img width=\"493\" height=\"370\" src=\"https:\/\/riesberghof.de\/wp-content\/uploads\/2019\/10\/IMG_2316-493x370.jpg\" class=\"attachment-medium size-medium\" alt=\"\" decoding=\"async\" loading=\"lazy\" aria-describedby=\"gallery-1-677\" srcset=\"https:\/\/riesberghof.de\/wp-content\/uploads\/2019\/10\/IMG_2316-493x370.jpg 493w, https:\/\/riesberghof.de\/wp-content\/uploads\/2019\/10\/IMG_2316-400x300.jpg 400w, https:\/\/riesberghof.de\/wp-content\/uploads\/2019\/10\/IMG_2316-768x576.jpg 768w, https:\/\/riesberghof.de\/wp-content\/uploads\/2019\/10\/IMG_2316-1024x768.jpg 1024w\" sizes=\"(max-width: 493px) 100vw, 493px\" \/><\/a>\n\t\t\t<\/dt>\n\t\t\t\t<dd class='wp-caption-text gallery-caption' id='gallery-1-677'>\n\t\t\t\tT\u00e4glich frische Semmeln zum Fr\u00fchst\u00fcck\n\t\t\t\t<\/dd><\/dl><br style=\"clear: both\" \/><dl class='gallery-item'>\n\t\t\t<dt class='gallery-icon landscape'>\n\t\t\t\t<a href='https:\/\/riesberghof.de\/en\/img_2309eingang\/'><img width=\"493\" height=\"370\" src=\"https:\/\/riesberghof.de\/wp-content\/uploads\/2019\/10\/IMG_2309Eingang-493x370.jpg\" class=\"attachment-medium size-medium\" alt=\"\" decoding=\"async\" loading=\"lazy\" aria-describedby=\"gallery-1-670\" srcset=\"https:\/\/riesberghof.de\/wp-content\/uploads\/2019\/10\/IMG_2309Eingang-493x370.jpg 493w, https:\/\/riesberghof.de\/wp-content\/uploads\/2019\/10\/IMG_2309Eingang-400x300.jpg 400w, https:\/\/riesberghof.de\/wp-content\/uploads\/2019\/10\/IMG_2309Eingang-768x576.jpg 768w, https:\/\/riesberghof.de\/wp-content\/uploads\/2019\/10\/IMG_2309Eingang-1024x768.jpg 1024w\" sizes=\"(max-width: 493px) 100vw, 493px\" \/><\/a>\n\t\t\t<\/dt>\n\t\t\t\t<dd class='wp-caption-text gallery-caption' id='gallery-1-670'>\n\t\t\t\tHereinspaziert\n\t\t\t\t<\/dd><\/dl><dl class='gallery-item'>\n\t\t\t<dt class='gallery-icon landscape'>\n\t\t\t\t<a href='https:\/\/riesberghof.de\/en\/img_2320\/'><img width=\"493\" height=\"370\" src=\"https:\/\/riesberghof.de\/wp-content\/uploads\/2019\/10\/IMG_2320-493x370.jpg\" class=\"attachment-medium size-medium\" alt=\"\" decoding=\"async\" loading=\"lazy\" aria-describedby=\"gallery-1-681\" srcset=\"https:\/\/riesberghof.de\/wp-content\/uploads\/2019\/10\/IMG_2320-493x370.jpg 493w, https:\/\/riesberghof.de\/wp-content\/uploads\/2019\/10\/IMG_2320-400x300.jpg 400w, https:\/\/riesberghof.de\/wp-content\/uploads\/2019\/10\/IMG_2320-768x576.jpg 768w, https:\/\/riesberghof.de\/wp-content\/uploads\/2019\/10\/IMG_2320-1024x768.jpg 1024w\" sizes=\"(max-width: 493px) 100vw, 493px\" \/><\/a>\n\t\t\t<\/dt>\n\t\t\t\t<dd class='wp-caption-text gallery-caption' id='gallery-1-681'>\n\t\t\t\tFr\u00fchst\u00fccksbuffet\n\t\t\t\t<\/dd><\/dl><br style=\"clear: both\" \/><dl class='gallery-item'>\n\t\t\t<dt class='gallery-icon landscape'>\n\t\t\t\t<a href='https:\/\/riesberghof.de\/en\/img_2289fitnesraum\/'><img width=\"493\" height=\"370\" src=\"https:\/\/riesberghof.de\/wp-content\/uploads\/2019\/10\/IMG_2289Fitnesraum-493x370.jpg\" class=\"attachment-medium size-medium\" alt=\"\" decoding=\"async\" loading=\"lazy\" aria-describedby=\"gallery-1-653\" srcset=\"https:\/\/riesberghof.de\/wp-content\/uploads\/2019\/10\/IMG_2289Fitnesraum-493x370.jpg 493w, https:\/\/riesberghof.de\/wp-content\/uploads\/2019\/10\/IMG_2289Fitnesraum-400x300.jpg 400w, https:\/\/riesberghof.de\/wp-content\/uploads\/2019\/10\/IMG_2289Fitnesraum-768x576.jpg 768w, https:\/\/riesberghof.de\/wp-content\/uploads\/2019\/10\/IMG_2289Fitnesraum-1024x768.jpg 1024w\" sizes=\"(max-width: 493px) 100vw, 493px\" \/><\/a>\n\t\t\t<\/dt>\n\t\t\t\t<dd class='wp-caption-text gallery-caption' id='gallery-1-653'>\n\t\t\t\tkleiner Fitnessraum\n\t\t\t\t<\/dd><\/dl><dl class='gallery-item'>\n\t\t\t<dt class='gallery-icon landscape'>\n\t\t\t\t<a href='https:\/\/riesberghof.de\/en\/zmmer317\/'><img width=\"493\" height=\"370\" src=\"https:\/\/riesberghof.de\/wp-content\/uploads\/2019\/10\/Zmmer317-493x370.jpg\" class=\"attachment-medium size-medium\" alt=\"\" decoding=\"async\" loading=\"lazy\" aria-describedby=\"gallery-1-723\" srcset=\"https:\/\/riesberghof.de\/wp-content\/uploads\/2019\/10\/Zmmer317-493x370.jpg 493w, https:\/\/riesberghof.de\/wp-content\/uploads\/2019\/10\/Zmmer317-400x300.jpg 400w, https:\/\/riesberghof.de\/wp-content\/uploads\/2019\/10\/Zmmer317-768x576.jpg 768w, https:\/\/riesberghof.de\/wp-content\/uploads\/2019\/10\/Zmmer317-1024x768.jpg 1024w\" sizes=\"(max-width: 493px) 100vw, 493px\" \/><\/a>\n\t\t\t<\/dt>\n\t\t\t\t<dd class='wp-caption-text gallery-caption' id='gallery-1-723'>\n\t\t\t\tFamilien Zimmer\n\t\t\t\t<\/dd><\/dl><br style=\"clear: both\" \/><dl class='gallery-item'>\n\t\t\t<dt class='gallery-icon landscape'>\n\t\t\t\t<a href='https:\/\/riesberghof.de\/en\/img_2323\/'><img width=\"493\" height=\"370\" src=\"https:\/\/riesberghof.de\/wp-content\/uploads\/2019\/10\/IMG_2323-493x370.jpg\" class=\"attachment-medium size-medium\" alt=\"\" decoding=\"async\" loading=\"lazy\" aria-describedby=\"gallery-1-684\" srcset=\"https:\/\/riesberghof.de\/wp-content\/uploads\/2019\/10\/IMG_2323-493x370.jpg 493w, https:\/\/riesberghof.de\/wp-content\/uploads\/2019\/10\/IMG_2323-400x300.jpg 400w, https:\/\/riesberghof.de\/wp-content\/uploads\/2019\/10\/IMG_2323-768x576.jpg 768w, https:\/\/riesberghof.de\/wp-content\/uploads\/2019\/10\/IMG_2323-1024x768.jpg 1024w\" sizes=\"(max-width: 493px) 100vw, 493px\" \/><\/a>\n\t\t\t<\/dt>\n\t\t\t\t<dd class='wp-caption-text gallery-caption' id='gallery-1-684'>\n\t\t\t\treichhatliges Fr\u00fchst\u00fccksbuffet\n\t\t\t\t<\/dd><\/dl><dl class='gallery-item'>\n\t\t\t<dt class='gallery-icon landscape'>\n\t\t\t\t<a href='https:\/\/riesberghof.de\/en\/img_2301zimmer317\/'><img width=\"493\" height=\"370\" src=\"https:\/\/riesberghof.de\/wp-content\/uploads\/2019\/10\/IMG_2301Zimmer317-493x370.jpg\" class=\"attachment-medium size-medium\" alt=\"\" decoding=\"async\" loading=\"lazy\" aria-describedby=\"gallery-1-663\" srcset=\"https:\/\/riesberghof.de\/wp-content\/uploads\/2019\/10\/IMG_2301Zimmer317-493x370.jpg 493w, https:\/\/riesberghof.de\/wp-content\/uploads\/2019\/10\/IMG_2301Zimmer317-400x300.jpg 400w, https:\/\/riesberghof.de\/wp-content\/uploads\/2019\/10\/IMG_2301Zimmer317-768x576.jpg 768w, https:\/\/riesberghof.de\/wp-content\/uploads\/2019\/10\/IMG_2301Zimmer317-1024x768.jpg 1024w\" sizes=\"(max-width: 493px) 100vw, 493px\" \/><\/a>\n\t\t\t<\/dt>\n\t\t\t\t<dd class='wp-caption-text gallery-caption' id='gallery-1-663'>\n\t\t\t\tFamilien Zimmer mit Hochbett f\u00fcr Kinder\n\t\t\t\t<\/dd><\/dl><br style=\"clear: both\" \/><dl class='gallery-item'>\n\t\t\t<dt class='gallery-icon landscape'>\n\t\t\t\t<a href='https:\/\/riesberghof.de\/en\/img_2354\/'><img width=\"493\" height=\"370\" src=\"https:\/\/riesberghof.de\/wp-content\/uploads\/2019\/10\/IMG_2354-493x370.jpg\" class=\"attachment-medium size-medium\" alt=\"\" decoding=\"async\" loading=\"lazy\" aria-describedby=\"gallery-1-717\" srcset=\"https:\/\/riesberghof.de\/wp-content\/uploads\/2019\/10\/IMG_2354-493x370.jpg 493w, https:\/\/riesberghof.de\/wp-content\/uploads\/2019\/10\/IMG_2354-400x300.jpg 400w, https:\/\/riesberghof.de\/wp-content\/uploads\/2019\/10\/IMG_2354-768x576.jpg 768w, https:\/\/riesberghof.de\/wp-content\/uploads\/2019\/10\/IMG_2354-1024x768.jpg 1024w\" sizes=\"(max-width: 493px) 100vw, 493px\" \/><\/a>\n\t\t\t<\/dt>\n\t\t\t\t<dd class='wp-caption-text gallery-caption' id='gallery-1-717'>\n\t\t\t\tTerrasse zum Verweilen\n\t\t\t\t<\/dd><\/dl><dl class='gallery-item'>\n\t\t\t<dt class='gallery-icon landscape'>\n\t\t\t\t<a href='https:\/\/riesberghof.de\/en\/unser-haus\/riesberghof_1\/'><img width=\"520\" height=\"347\" src=\"https:\/\/riesberghof.de\/wp-content\/uploads\/2015\/09\/riesberghof_1-520x347.jpg\" class=\"attachment-medium size-medium\" alt=\"\" decoding=\"async\" loading=\"lazy\" aria-describedby=\"gallery-1-489\" srcset=\"https:\/\/riesberghof.de\/wp-content\/uploads\/2015\/09\/riesberghof_1.jpg 520w, https:\/\/riesberghof.de\/wp-content\/uploads\/2015\/09\/riesberghof_1-450x300.jpg 450w\" sizes=\"(max-width: 520px) 100vw, 520px\" \/><\/a>\n\t\t\t<\/dt>\n\t\t\t\t<dd class='wp-caption-text gallery-caption' id='gallery-1-489'>\n\t\t\t\tRuhige Lage \n\t\t\t\t<\/dd><\/dl><br style=\"clear: both\" \/><dl class='gallery-item'>\n\t\t\t<dt class='gallery-icon landscape'>\n\t\t\t\t<a href='https:\/\/riesberghof.de\/en\/img_2358\/'><img width=\"493\" height=\"370\" src=\"https:\/\/riesberghof.de\/wp-content\/uploads\/2019\/10\/IMG_2358-493x370.jpg\" class=\"attachment-medium size-medium\" alt=\"\" decoding=\"async\" loading=\"lazy\" aria-describedby=\"gallery-1-721\" srcset=\"https:\/\/riesberghof.de\/wp-content\/uploads\/2019\/10\/IMG_2358-493x370.jpg 493w, https:\/\/riesberghof.de\/wp-content\/uploads\/2019\/10\/IMG_2358-400x300.jpg 400w, https:\/\/riesberghof.de\/wp-content\/uploads\/2019\/10\/IMG_2358-768x576.jpg 768w, https:\/\/riesberghof.de\/wp-content\/uploads\/2019\/10\/IMG_2358-1024x768.jpg 1024w\" sizes=\"(max-width: 493px) 100vw, 493px\" \/><\/a>\n\t\t\t<\/dt>\n\t\t\t\t<dd class='wp-caption-text gallery-caption' id='gallery-1-721'>\n\t\t\t\tgem\u00fctiche Abende auf der Terrassee\n\t\t\t\t<\/dd><\/dl><dl class='gallery-item'>\n\t\t\t<dt class='gallery-icon landscape'>\n\t\t\t\t<a href='https:\/\/riesberghof.de\/en\/img_2327\/'><img width=\"493\" height=\"370\" src=\"https:\/\/riesberghof.de\/wp-content\/uploads\/2019\/10\/IMG_2327-493x370.jpg\" class=\"attachment-medium size-medium\" alt=\"\" decoding=\"async\" loading=\"lazy\" aria-describedby=\"gallery-1-688\" srcset=\"https:\/\/riesberghof.de\/wp-content\/uploads\/2019\/10\/IMG_2327-493x370.jpg 493w, https:\/\/riesberghof.de\/wp-content\/uploads\/2019\/10\/IMG_2327-400x300.jpg 400w, https:\/\/riesberghof.de\/wp-content\/uploads\/2019\/10\/IMG_2327-768x576.jpg 768w, https:\/\/riesberghof.de\/wp-content\/uploads\/2019\/10\/IMG_2327-1024x768.jpg 1024w\" sizes=\"(max-width: 493px) 100vw, 493px\" \/><\/a>\n\t\t\t<\/dt>\n\t\t\t\t<dd class='wp-caption-text gallery-caption' id='gallery-1-688'>\n\t\t\t\tSonnen Terrasse zum verweilen\n\t\t\t\t<\/dd><\/dl><br style=\"clear: both\" \/><dl class='gallery-item'>\n\t\t\t<dt class='gallery-icon landscape'>\n\t\t\t\t<a href='https:\/\/riesberghof.de\/en\/zimmer317\/'><img width=\"493\" height=\"370\" src=\"https:\/\/riesberghof.de\/wp-content\/uploads\/2019\/10\/Zimmer317-493x370.jpg\" class=\"attachment-medium size-medium\" alt=\"\" decoding=\"async\" loading=\"lazy\" aria-describedby=\"gallery-1-722\" srcset=\"https:\/\/riesberghof.de\/wp-content\/uploads\/2019\/10\/Zimmer317-493x370.jpg 493w, https:\/\/riesberghof.de\/wp-content\/uploads\/2019\/10\/Zimmer317-400x300.jpg 400w, https:\/\/riesberghof.de\/wp-content\/uploads\/2019\/10\/Zimmer317-768x576.jpg 768w, https:\/\/riesberghof.de\/wp-content\/uploads\/2019\/10\/Zimmer317-1024x768.jpg 1024w\" sizes=\"(max-width: 493px) 100vw, 493px\" \/><\/a>\n\t\t\t<\/dt>\n\t\t\t\t<dd class='wp-caption-text gallery-caption' id='gallery-1-722'>\n\t\t\t\tStockbetten f\u00fcr Kinder\n\t\t\t\t<\/dd><\/dl><dl class='gallery-item'>\n\t\t\t<dt class='gallery-icon landscape'>\n\t\t\t\t<a href='https:\/\/riesberghof.de\/en\/img_2338\/'><img width=\"493\" height=\"370\" src=\"https:\/\/riesberghof.de\/wp-content\/uploads\/2019\/10\/IMG_2338-493x370.jpg\" class=\"attachment-medium size-medium\" alt=\"\" decoding=\"async\" loading=\"lazy\" aria-describedby=\"gallery-1-699\" srcset=\"https:\/\/riesberghof.de\/wp-content\/uploads\/2019\/10\/IMG_2338-493x370.jpg 493w, https:\/\/riesberghof.de\/wp-content\/uploads\/2019\/10\/IMG_2338-400x300.jpg 400w, https:\/\/riesberghof.de\/wp-content\/uploads\/2019\/10\/IMG_2338-768x576.jpg 768w, https:\/\/riesberghof.de\/wp-content\/uploads\/2019\/10\/IMG_2338-1024x768.jpg 1024w\" sizes=\"(max-width: 493px) 100vw, 493px\" \/><\/a>\n\t\t\t<\/dt>\n\t\t\t\t<dd class='wp-caption-text gallery-caption' id='gallery-1-699'>\n\t\t\t\tSonnen Terrasse\n\t\t\t\t<\/dd><\/dl><br style=\"clear: both\" \/><dl class='gallery-item'>\n\t\t\t<dt class='gallery-icon landscape'>\n\t\t\t\t<a href='https:\/\/riesberghof.de\/en\/unser-haus\/riesberghof_2\/'><img width=\"520\" height=\"347\" src=\"https:\/\/riesberghof.de\/wp-content\/uploads\/2015\/09\/riesberghof_2-520x347.jpg\" class=\"attachment-medium size-medium\" alt=\"\" decoding=\"async\" loading=\"lazy\" aria-describedby=\"gallery-1-488\" srcset=\"https:\/\/riesberghof.de\/wp-content\/uploads\/2015\/09\/riesberghof_2.jpg 520w, https:\/\/riesberghof.de\/wp-content\/uploads\/2015\/09\/riesberghof_2-450x300.jpg 450w\" sizes=\"(max-width: 520px) 100vw, 520px\" \/><\/a>\n\t\t\t<\/dt>\n\t\t\t\t<dd class='wp-caption-text gallery-caption' id='gallery-1-488'>\n\t\t\t\tHerzlich Willkommen\n\t\t\t\t<\/dd><\/dl><dl class='gallery-item'>\n\t\t\t<dt class='gallery-icon landscape'>\n\t\t\t\t<a href='https:\/\/riesberghof.de\/en\/img_2293\/'><img width=\"493\" height=\"370\" src=\"https:\/\/riesberghof.de\/wp-content\/uploads\/2019\/10\/IMG_2293-493x370.jpg\" class=\"attachment-medium size-medium\" alt=\"\" decoding=\"async\" loading=\"lazy\" aria-describedby=\"gallery-1-657\" srcset=\"https:\/\/riesberghof.de\/wp-content\/uploads\/2019\/10\/IMG_2293-493x370.jpg 493w, https:\/\/riesberghof.de\/wp-content\/uploads\/2019\/10\/IMG_2293-400x300.jpg 400w, https:\/\/riesberghof.de\/wp-content\/uploads\/2019\/10\/IMG_2293-768x576.jpg 768w, https:\/\/riesberghof.de\/wp-content\/uploads\/2019\/10\/IMG_2293-1024x768.jpg 1024w\" sizes=\"(max-width: 493px) 100vw, 493px\" \/><\/a>\n\t\t\t<\/dt>\n\t\t\t\t<dd class='wp-caption-text gallery-caption' id='gallery-1-657'>\n\t\t\t\tHausansicht\n\t\t\t\t<\/dd><\/dl><br style=\"clear: both\" \/><dl class='gallery-item'>\n\t\t\t<dt class='gallery-icon landscape'>\n\t\t\t\t<a href='https:\/\/riesberghof.de\/en\/img_2286\/'><img width=\"493\" height=\"370\" src=\"https:\/\/riesberghof.de\/wp-content\/uploads\/2019\/10\/IMG_2286-493x370.jpg\" class=\"attachment-medium size-medium\" alt=\"\" decoding=\"async\" loading=\"lazy\" aria-describedby=\"gallery-1-650\" srcset=\"https:\/\/riesberghof.de\/wp-content\/uploads\/2019\/10\/IMG_2286-493x370.jpg 493w, https:\/\/riesberghof.de\/wp-content\/uploads\/2019\/10\/IMG_2286-400x300.jpg 400w, https:\/\/riesberghof.de\/wp-content\/uploads\/2019\/10\/IMG_2286-768x576.jpg 768w, https:\/\/riesberghof.de\/wp-content\/uploads\/2019\/10\/IMG_2286-1024x768.jpg 1024w\" sizes=\"(max-width: 493px) 100vw, 493px\" \/><\/a>\n\t\t\t<\/dt>\n\t\t\t\t<dd class='wp-caption-text gallery-caption' id='gallery-1-650'>\n\t\t\t\tRuheraum zur Entspannung\n\t\t\t\t<\/dd><\/dl>\n\t\t\t<br style='clear: both' \/>\n\t\t<\/div>\n\n<\/div>\n<\/div>\n<\/div>\n<\/div>\n\n\n<figure class=\"wp-block-image\"><img alt=\"\"\/><\/figure>","protected":false},"excerpt":{"rendered":"<p>Zimmer zumWohlf\u00fchlen &nbsp; Ankommen, wohlf\u00fchlen, entspannen. Ob Sie sich f\u00fcr eine Suite oder ein komfortablesG\u00e4stezimmer entscheiden. Alle Zimmer sind mitDusche\/WC, Sat-TV, Telefon, Radio und einer Teek\u00fcche ausgestattet. Die meisten G\u00e4stezimmer haben einen Balkon oder eine Terrasse. Die sauberen und gem\u00fctlich &hellip; <a href=\"https:\/\/riesberghof.de\/en\/zimmer\/\">Continue reading <span class=\"meta-nav\">&rarr;<\/span><\/a><\/p>","protected":false},"author":1,"featured_media":0,"parent":0,"menu_order":0,"comment_status":"closed","ping_status":"closed","template":"","meta":[],"aioseo_notices":[],"_links":{"self":[{"href":"https:\/\/riesberghof.de\/en\/wp-json\/wp\/v2\/pages\/14"}],"collection":[{"href":"https:\/\/riesberghof.de\/en\/wp-json\/wp\/v2\/pages"}],"about":[{"href":"https:\/\/riesberghof.de\/en\/wp-json\/wp\/v2\/types\/page"}],"author":[{"embeddable":true,"href":"https:\/\/riesberghof.de\/en\/wp-json\/wp\/v2\/users\/1"}],"replies":[{"embeddable":true,"href":"https:\/\/riesberghof.de\/en\/wp-json\/wp\/v2\/comments?post=14"}],"version-history":[{"count":32,"href":"https:\/\/riesberghof.de\/en\/wp-json\/wp\/v2\/pages\/14\/revisions"}],"predecessor-version":[{"id":1281,"href":"https:\/\/riesberghof.de\/en\/wp-json\/wp\/v2\/pages\/14\/revisions\/1281"}],"wp:attachment":[{"href":"https:\/\/riesberghof.de\/en\/wp-json\/wp\/v2\/media?parent=14"}],"curies":[{"name":"wp","href":"https:\/\/api.w.org\/{rel}","templated":true}]}}