{"id":106,"date":"2015-09-10T16:36:00","date_gmt":"2015-09-10T14:36:00","guid":{"rendered":"http:\/\/127.0.0.1\/wp\/?page_id=106"},"modified":"2023-04-24T14:38:34","modified_gmt":"2023-04-24T12:38:34","slug":"startseite","status":"publish","type":"page","link":"https:\/\/riesberghof.de\/en\/","title":{"rendered":"Main"},"content":{"rendered":"<div class=\"startseitentext\">\n<h3 class=\"entry-title\">&nbsp;<\/h3>\n<h3 class=\"entry-title\">&nbsp;<\/h3>\n<p class=\"weiss\">Herzlich Willkommen, sch\u00f6n das sie reinschauen. Wir sind endlich wieder f\u00fcr Sie da,&nbsp; mit famili\u00e4rer Gastlichkeit. &nbsp;Unser Motto: <strong>&#8220; Wenn der Gast zufrieden ist haben wir es richtig gemacht&#8220;<\/strong>. Wir freuen uns auf Ihren Besuch!<\/p>\n<p class=\"weiss\">\n<\/p><\/div>\n<div class=\"startseitentext\">\n<p class=\"weiss\">\n<\/p><\/div>\n<div class=\"onepcssgrid-1000\">\n<div class=\"onerow\">\n<div class=\"col6 start\"><span class=\"subline\"><strong>UNSER HAUS<\/strong><br><\/span><p><\/p>\n<h5><span style=\"color: #ff0000;\">&nbsp;<\/span><\/h5>\n<h2 class=\"entry-title\">Bavarian cosiness<\/h2>\n<div class=\"space3\">&nbsp;<\/div>\n<p>Das 1994 fertiggestellte Ferien-Hotel Riesberghof in Lindberg wurde 2010\/2011 komplett renoviert wurde. <a class=\"orange\" href=\"https:\/\/riesberghof.de\/en\/unser-haus\/\">(\u2026more)<\/a><\/p>\n<\/div>\n<div class=\"col6 last start\"><img decoding=\"async\" loading=\"lazy\" class=\"alignnone size-thumbnail wp-image-121\" src=\"\/wp-content\/uploads\/2015\/09\/Riesberghof_Winter21.jpg\" alt=\"Riesberghof_Winter2\" width=\"400\" height=\"300\"><br><span class=\"subline\">Acivities<\/span><p><\/p>\n<h2 class=\"entry-title\">Great wellness offers ...<\/h2>\n<div class=\"space3\">&nbsp;<\/div>\n<p>... and other enticing activities for summer and winter. <a class=\"orange\" href=\"https:\/\/riesberghof.de\/en\/aktivitaeten\/\">(\u2026more)<\/a><\/p>\n<\/div>\n<\/div>\n<div class=\"onerow\">\n<div class=\"col6 start\"><img decoding=\"async\" loading=\"lazy\" class=\"alignnone size-full wp-image-45\" src=\"\/wp-content\/uploads\/2015\/09\/haus.jpg\" alt=\"foto-haus-400x270\" width=\"400\" height=\"300\"><br><span class=\"subline\">Contact<\/span><p><\/p>\n<h2 class=\"entry-title\">Approach<\/h2>\n<div class=\"space3\">&nbsp;<\/div>\n<p>Tips for getting to our hotel by car and train. <a class=\"orange\" href=\"https:\/\/riesberghof.de\/en\/kontakt\/\">(\u2026more)<\/a><\/p>\n<p><a href=\"http:\/\/www.kajware.pl\/program-hotelowy.html\" target=\"_blank\" rel=\"noopener noreferrer\"><img decoding=\"async\" src=\"http:\/\/kajware.pl\/images\/kwhotel\/logo\/kwhotel-program-hotelowy.gif\" alt=\"KWHotel - Oprogramowanie Hotelowe\" border=\"0\"><\/a><\/p>\n<\/div>\n<div class=\"col6 last start\"><img decoding=\"async\" loading=\"lazy\" class=\"alignnone size-thumbnail wp-image-123\" src=\"\/wp-content\/uploads\/2015\/09\/zimmer2.jpg\" alt=\"(c) Fotos Klaus Doehler.......... Unberechtigte Nutzung der Bilder verboten.\" width=\"400\" height=\"300\"><br><span class=\"subline\">Room<\/span><p><\/p>\n<h2 class=\"entry-title\">Comfortable and comfortable<\/h2>\n<div class=\"space3\">&nbsp;<\/div>\n<p>Are the guest rooms and apartments in the Hotel Riesberghof.&nbsp;<a class=\"orange\" href=\"https:\/\/riesberghof.de\/en\/zimmer\/\">(\u2026more)<\/a><\/p>\n<p><script src=\"https:\/\/www.holidaycheck.de\/widgets?step=code&amp;type=code&amp;options=hotel-1-63676-de_DE-s-g-1-2---0\" type=\"text\/javascript\"><\/script><\/p>\n<div id=\"holidaycheck-widget-hotel-1-63676-de_DE-s-g-1-2---0\">\n<div id=\"holidaycheck_widget_placeholder-63676\" style=\"background: #0058a2; padding: 5px; width: 120px;\"><a href=\"https:\/\/www.holidaycheck.de\/hi\/hotel-riesberghof\/81c2b282-54e9-3c4a-b57f-607bd020066f\"><img decoding=\"async\" src=\"https:\/\/www.holidaycheck.de\/widgets\/logo_xlarge.png\" alt=\"Hotels mit Hotelbewertungen bei HolidayCheck\" border=\"0\"><\/a><\/div>\n<\/div>\n<\/div>\n<\/div>\n<\/div>\n\n\n<p class=\"has-vivid-red-color has-text-color\"><\/p>","protected":false},"excerpt":{"rendered":"<p>&nbsp; &nbsp; Herzlich Willkommen, sch\u00f6n das sie reinschauen. Wir sind endlich wieder f\u00fcr Sie da,&nbsp; mit famili\u00e4rer Gastlichkeit. &nbsp;Unser Motto: &#8220; Wenn der Gast zufrieden ist haben wir es richtig gemacht&#8220;. Wir freuen uns auf Ihren Besuch! UNSER HAUS &nbsp; &hellip; <a href=\"https:\/\/riesberghof.de\/en\/\">Continue reading <span class=\"meta-nav\">&rarr;<\/span><\/a><\/p>","protected":false},"author":1,"featured_media":0,"parent":0,"menu_order":0,"comment_status":"closed","ping_status":"closed","template":"sidebar-page.php","meta":[],"aioseo_notices":[],"_links":{"self":[{"href":"https:\/\/riesberghof.de\/en\/wp-json\/wp\/v2\/pages\/106"}],"collection":[{"href":"https:\/\/riesberghof.de\/en\/wp-json\/wp\/v2\/pages"}],"about":[{"href":"https:\/\/riesberghof.de\/en\/wp-json\/wp\/v2\/types\/page"}],"author":[{"embeddable":true,"href":"https:\/\/riesberghof.de\/en\/wp-json\/wp\/v2\/users\/1"}],"replies":[{"embeddable":true,"href":"https:\/\/riesberghof.de\/en\/wp-json\/wp\/v2\/comments?post=106"}],"version-history":[{"count":125,"href":"https:\/\/riesberghof.de\/en\/wp-json\/wp\/v2\/pages\/106\/revisions"}],"predecessor-version":[{"id":1277,"href":"https:\/\/riesberghof.de\/en\/wp-json\/wp\/v2\/pages\/106\/revisions\/1277"}],"wp:attachment":[{"href":"https:\/\/riesberghof.de\/en\/wp-json\/wp\/v2\/media?parent=106"}],"curies":[{"name":"wp","href":"https:\/\/api.w.org\/{rel}","templated":true}]}}