{"id":12,"date":"2015-09-04T12:22:19","date_gmt":"2015-09-04T10:22:19","guid":{"rendered":"http:\/\/127.0.0.1\/wp\/?page_id=12"},"modified":"2023-04-24T14:38:40","modified_gmt":"2023-04-24T12:38:40","slug":"unser-haus","status":"publish","type":"page","link":"http:\/\/riesberghof.de\/en\/unser-haus\/","title":{"rendered":"Our House"},"content":{"rendered":"<p><strong>Our House<\/strong><\/p>\n\n\n\n<div class=\"wp-block-group is-layout-flow\"><div class=\"wp-block-group__inner-container\">\n<div class=\"wp-block-columns are-vertically-aligned-center is-layout-flex wp-container-3\">\n<div class=\"wp-block-column is-vertically-aligned-center is-layout-flow\" style=\"flex-basis:100%\">\n<div class=\"wp-block-group is-layout-flow\"><div class=\"wp-block-group__inner-container\">\n<div class=\"onepcssgrid-1000\">\n<div class=\"onerow\">\n<div class=\"col6\">\n<p>Das <strong>Ferien Hotel RIESBERGHOF<\/strong> wurde 1994 fertiggestellte&nbsp; und<br>2010\/2011 komplett renoviert.<br>In summer we also offer a garden terrace.<\/p>\n<\/div>\n<div class=\"col6 last\">\n<div id=\"attachment_45\" style=\"width: 530px\" class=\"wp-caption alignleft\"><img aria-describedby=\"caption-attachment-45\" decoding=\"async\" loading=\"lazy\" class=\"wp-image-45 size-full\" src=\"\/wp-content\/uploads\/2015\/09\/foto-haus.jpg\" alt=\"foto-haus\" width=\"520\" height=\"370\"><p id=\"caption-attachment-45\" class=\"wp-caption-text\">Hausansicht mit gem\u00fctlicher Terrasse<\/p><\/div>\n<\/div>\n<\/div>\n<div class=\"onerow\">\n<div class=\"col6\">\n<div id=\"attachment_45\" style=\"width: 530px\" class=\"wp-caption alignleft\"><img aria-describedby=\"caption-attachment-45\" decoding=\"async\" loading=\"lazy\" class=\"wp-image-45 size-full\" src=\"\/wp-content\/uploads\/2015\/09\/Ausblick_Balkon2.jpg\" alt=\"foto-haus\" width=\"520\" height=\"370\"><p id=\"caption-attachment-45\" class=\"wp-caption-text\">Hausansicht Zimmer mit Balkon<\/p><\/div>\n<\/div>\n<div class=\"col6 last\">\n<div id=\"attachment_45\" style=\"width: 530px\" class=\"wp-caption alignnone\"><img aria-describedby=\"caption-attachment-45\" decoding=\"async\" loading=\"lazy\" class=\"wp-image-45 size-full\" src=\"\/wp-content\/uploads\/2015\/09\/Team.jpg\" alt=\"foto-haus\" width=\"520\" height=\"370\"><p id=\"caption-attachment-45\" class=\"wp-caption-text\">unser Team freut sich auf SIE<\/p><\/div>\n<\/div>\n<\/div>\n<div class=\"onerow\">\n<div class=\"col6\">\n<div id=\"attachment_45\" style=\"width: 530px\" class=\"wp-caption alignleft\"><img aria-describedby=\"caption-attachment-45\" decoding=\"async\" loading=\"lazy\" class=\"wp-image-45 size-full\" src=\"\/wp-content\/uploads\/2015\/09\/riesberghof_2.jpg\" alt=\"foto-haus\" width=\"520\" height=\"370\"><p id=\"caption-attachment-45\" class=\"wp-caption-text\">Haupteingang Hotel<\/p><\/div>\n<\/div>\n<div class=\"col6 last\">\n<div id=\"attachment_45\" style=\"width: 530px\" class=\"wp-caption alignleft\"><img aria-describedby=\"caption-attachment-45\" decoding=\"async\" loading=\"lazy\" class=\"wp-image-45 size-full\" src=\"\/wp-content\/uploads\/2015\/09\/riesberghof_1.jpg\" alt=\"foto-haus\" width=\"520\" height=\"370\"><p id=\"caption-attachment-45\" class=\"wp-caption-text\">Hausansicht mit Terrasse<\/p><\/div>\n<\/div>\n<\/div>\n<div class=\"onerow\">\n<div class=\"col6\">\n<div id=\"attachment_45\" style=\"width: 530px\" class=\"wp-caption alignleft\"><img aria-describedby=\"caption-attachment-45\" decoding=\"async\" loading=\"lazy\" class=\"wp-image-45 size-full\" src=\"\/wp-content\/uploads\/2015\/09\/Riesberghof_Eingang.jpg\" alt=\"foto-haus\" width=\"520\" height=\"370\"><p id=\"caption-attachment-45\" class=\"wp-caption-text\">Herzlich Willkommen<\/p><\/div>\n<\/div>\n<div class=\"col6\">\n<div id=\"attachment_191\" style=\"width: 530px\" class=\"wp-caption alignnone\"><img aria-describedby=\"caption-attachment-191\" decoding=\"async\" loading=\"lazy\" class=\"wp-image-191\" src=\"http:\/\/riesberghof.de\/wp-content\/uploads\/2015\/09\/Fotolia_60438473_M.jpg\" alt=\"\" width=\"520\" height=\"582\" srcset=\"http:\/\/riesberghof.de\/wp-content\/uploads\/2015\/09\/Fotolia_60438473_M.jpg 520w, http:\/\/riesberghof.de\/wp-content\/uploads\/2015\/09\/Fotolia_60438473_M-331x370.jpg 331w, http:\/\/riesberghof.de\/wp-content\/uploads\/2015\/09\/Fotolia_60438473_M-268x300.jpg 268w\" sizes=\"(max-width: 520px) 100vw, 520px\" \/><p id=\"caption-attachment-191\" class=\"wp-caption-text\">Unser Gro\u00dfer Arber mit Arbersee<\/p><\/div><p><\/p>\n<div style=\"width: 530px\" class=\"wp-caption alignnone\"><img decoding=\"async\" loading=\"lazy\" src=\"\/wp-content\/uploads\/2015\/09\/Fotolia_87702048_M.jpg\" alt=\"arbersee12\" width=\"520\" height=\"347\"><p class=\"wp-caption-text\">Arber Gipfel<\/p><\/div><\/div>\n<\/div>\n<div class=\"onerow\">\n<div class=\"col6 last\">\n<h2>&nbsp;<\/h2>\n<h2 class=\"entry-title\" style=\"text-align: center;\">Ein Paradies, direkt am Nationalpark<\/h2>\n<p>The Riesberghof is in a fantastic location. Very quiet and with panoramic views of the Bayerwald mountains. Surrounded by meadows and forests on the \"Green Roof of Europe\" - the largest contiguous forested mountains in Central Europe. In the middle of the highest mountains Arber, Rachel, Lusen and Falkenstein.<\/p>\n<p>A paradise for hikers and nature lovers right on the national park. Discover the traditional glassworks, the newly built \"Haus zur Wildnis\" with animal sanctuary. Our neighbor Bohemia is only<br>10 km away.<\/p>\n<div class=\"imgbottom\">\n<div id=\"attachment_43\" style=\"width: 530px\" class=\"wp-caption alignnone\"><img aria-describedby=\"caption-attachment-43\" decoding=\"async\" loading=\"lazy\" class=\"wp-image-43 size-full\" src=\"\/wp-content\/uploads\/2015\/09\/Fotolia_19010333_M.jpg\" alt=\"Ski\" width=\"520\" height=\"347\"><p id=\"caption-attachment-43\" class=\"wp-caption-text\">Unsere Natur rund um das Hotel<\/p><\/div>\n<\/div>\n<\/div>\n<div class=\"onerow\">\n<div class=\"col6\">\n<div id=\"attachment_44\" style=\"width: 530px\" class=\"wp-caption alignnone\"><img aria-describedby=\"caption-attachment-44\" decoding=\"async\" loading=\"lazy\" class=\"wp-image-44 size-full\" src=\"\/wp-content\/uploads\/2015\/09\/Fotolia_91016435_M-Kopie.jpg\" alt=\"gericht\" width=\"520\" height=\"347\"><p id=\"caption-attachment-44\" class=\"wp-caption-text\">Regional Produkte und Internationale Gericht<\/p><\/div><p><\/p>\n<div id=\"attachment_43\" style=\"width: 530px\" class=\"wp-caption alignnone\"><img aria-describedby=\"caption-attachment-43\" decoding=\"async\" loading=\"lazy\" class=\"wp-image-43 size-full\" src=\"\/wp-content\/uploads\/2015\/09\/Buffet.jpg\" alt=\"buffet\" width=\"520\" height=\"347\"><p id=\"caption-attachment-43\" class=\"wp-caption-text\">4 G\u00e4nge Men\u00fc&nbsp;<\/p><\/div><\/div>\n<div class=\"col6 last\">\n<h2>&nbsp;<\/h2>\n<h2 class=\"entry-title\" style=\"text-align: center;\">Kulinarische Gen\u00fcsse<\/h2>\n<p style=\"text-align: center;\">Cultivated hospitality - in Bavaria a term!<\/p>\n<p style=\"text-align: center;\">Ob deftige, bayerische K\u00fcche oder internationale Spezialit\u00e4ten \u2013<\/p>\n<p style=\"text-align: center;\">lassen Sie sich von unserem K\u00fcchenchef mit frischen Produkten aus der Region verw\u00f6hnen.<\/p>\n<p style=\"text-align: center;\"><strong>Morgens: <\/strong><\/p>\n<p style=\"text-align: center;\">reichhaltiges Fr\u00fchst\u00fccksbuffet ab 8:00 Uhr mit frisch gebackenen Br\u00f6tchen und verschiedene Brotsorten<\/p>\n<p style=\"text-align: center;\"><strong>Nachmittags:<\/strong><\/p>\n<p style=\"text-align: center;\">k\u00f6nnen Sie unseren gem\u00fctlichen Biergarten genie\u00dfen<\/p>\n<p style=\"text-align: center;\"><strong>Abends:<\/strong><\/p>\n<p style=\"text-align: center;\">4-G\u00e4nge Men\u00fc ab 17:00 bis 18:30 Uhr<\/p>\n<p style=\"text-align: center;\">sie k\u00f6nnen aus 3 verschiedenen Hauptgerichten ( auch vegetarisch)<\/p>\n<p style=\"text-align: center;\">&nbsp;ausw\u00e4hlen.<\/p>\n<p style=\"text-align: center;\">\n<\/p><p>.<\/p>\n<\/div>\n<\/div>\n<\/div>\n<\/div>\n<\/div><\/div>\n<\/div>\n<\/div>\n<\/div><\/div>","protected":false},"excerpt":{"rendered":"<p>Unser Haus Das Ferien Hotel RIESBERGHOF wurde 1994 fertiggestellte&nbsp; und2010\/2011 komplett renoviert.Im Sommer bieten wir Ihnen au\u00dferdem eine Gartenterrasse an. &nbsp; Ein Paradies, direkt am Nationalpark Der Riesberghof liegt in traumhafter Lage. Sehr ruhig und mit Panoramablick auf die Bayerwald-Berge. &hellip; <a href=\"http:\/\/riesberghof.de\/en\/unser-haus\/\">Continue reading <span class=\"meta-nav\">&rarr;<\/span><\/a><\/p>","protected":false},"author":1,"featured_media":0,"parent":0,"menu_order":0,"comment_status":"closed","ping_status":"closed","template":"","meta":[],"aioseo_notices":[],"_links":{"self":[{"href":"http:\/\/riesberghof.de\/en\/wp-json\/wp\/v2\/pages\/12"}],"collection":[{"href":"http:\/\/riesberghof.de\/en\/wp-json\/wp\/v2\/pages"}],"about":[{"href":"http:\/\/riesberghof.de\/en\/wp-json\/wp\/v2\/types\/page"}],"author":[{"embeddable":true,"href":"http:\/\/riesberghof.de\/en\/wp-json\/wp\/v2\/users\/1"}],"replies":[{"embeddable":true,"href":"http:\/\/riesberghof.de\/en\/wp-json\/wp\/v2\/comments?post=12"}],"version-history":[{"count":80,"href":"http:\/\/riesberghof.de\/en\/wp-json\/wp\/v2\/pages\/12\/revisions"}],"predecessor-version":[{"id":1280,"href":"http:\/\/riesberghof.de\/en\/wp-json\/wp\/v2\/pages\/12\/revisions\/1280"}],"wp:attachment":[{"href":"http:\/\/riesberghof.de\/en\/wp-json\/wp\/v2\/media?parent=12"}],"curies":[{"name":"wp","href":"https:\/\/api.w.org\/{rel}","templated":true}]}}